{"id":1720,"date":"2016-05-03T13:08:52","date_gmt":"2016-05-03T18:08:52","guid":{"rendered":"http:\/\/www.aluminiumjclement.com\/en\/services\/"},"modified":"2016-05-06T13:58:54","modified_gmt":"2016-05-06T18:58:54","slug":"services","status":"publish","type":"page","link":"https:\/\/www.aluminiumjclement.com\/en\/services\/","title":{"rendered":"Services"},"content":{"rendered":"","protected":false},"excerpt":{"rendered":"","protected":false},"author":3,"featured_media":0,"parent":0,"menu_order":-400,"comment_status":"closed","ping_status":"closed","template":"","meta":{"footnotes":""},"class_list":["post-1720","page","type-page","status-publish","hentry"],"yoast_head":"<!-- This site is optimized with the Yoast SEO plugin v27.5 - https:\/\/yoast.com\/product\/yoast-seo-wordpress\/ -->\n<title>Aluminum J. Cl\u00e9ment | Service, Sales, Installation | Mont-Tremblant<\/title>\n<meta name=\"description\" content=\"Aluminum J. Cl\u00e9ment offers personalized advice, a showroom, custom design, appraisals and installation.\" \/>\n<meta name=\"robots\" content=\"index, follow, max-snippet:-1, max-image-preview:large, max-video-preview:-1\" \/>\n<link rel=\"canonical\" href=\"https:\/\/www.aluminiumjclement.com\/en\/services\/\" \/>\n<meta property=\"og:locale\" content=\"en_US\" \/>\n<meta property=\"og:type\" content=\"article\" \/>\n<meta property=\"og:title\" content=\"Aluminum J. Cl\u00e9ment | Service, Sales, Installation | Mont-Tremblant\" \/>\n<meta property=\"og:description\" content=\"Aluminum J. Cl\u00e9ment offers personalized advice, a showroom, custom design, appraisals and installation.\" \/>\n<meta property=\"og:url\" content=\"https:\/\/www.aluminiumjclement.com\/en\/services\/\" \/>\n<meta property=\"og:site_name\" content=\"Aluminium J. Cl\u00e9ment\" \/>\n<meta property=\"article:modified_time\" content=\"2016-05-06T18:58:54+00:00\" \/>\n<meta name=\"twitter:card\" content=\"summary_large_image\" \/>\n<script type=\"application\/ld+json\" class=\"yoast-schema-graph\">{\"@context\":\"https:\\\/\\\/schema.org\",\"@graph\":[{\"@type\":\"WebPage\",\"@id\":\"https:\\\/\\\/www.aluminiumjclement.com\\\/en\\\/services\\\/\",\"url\":\"https:\\\/\\\/www.aluminiumjclement.com\\\/en\\\/services\\\/\",\"name\":\"Aluminum J. Cl\u00e9ment | Service, Sales, Installation | Mont-Tremblant\",\"isPartOf\":{\"@id\":\"https:\\\/\\\/www.aluminiumjclement.com\\\/#website\"},\"datePublished\":\"2016-05-03T18:08:52+00:00\",\"dateModified\":\"2016-05-06T18:58:54+00:00\",\"description\":\"Aluminum J. Cl\u00e9ment offers personalized advice, a showroom, custom design, appraisals and installation.\",\"breadcrumb\":{\"@id\":\"https:\\\/\\\/www.aluminiumjclement.com\\\/en\\\/services\\\/#breadcrumb\"},\"inLanguage\":\"en-US\",\"potentialAction\":[{\"@type\":\"ReadAction\",\"target\":[\"https:\\\/\\\/www.aluminiumjclement.com\\\/en\\\/services\\\/\"]}]},{\"@type\":\"BreadcrumbList\",\"@id\":\"https:\\\/\\\/www.aluminiumjclement.com\\\/en\\\/services\\\/#breadcrumb\",\"itemListElement\":[{\"@type\":\"ListItem\",\"position\":1,\"name\":\"Accueil\",\"item\":\"https:\\\/\\\/www.aluminiumjclement.com\\\/en\\\/\"},{\"@type\":\"ListItem\",\"position\":2,\"name\":\"Services\"}]},{\"@type\":\"WebSite\",\"@id\":\"https:\\\/\\\/www.aluminiumjclement.com\\\/#website\",\"url\":\"https:\\\/\\\/www.aluminiumjclement.com\\\/\",\"name\":\"Aluminium J. Cl\u00e9ment\",\"description\":\"Toitures - Rev\u00eatements ext\u00e9rieurs\",\"potentialAction\":[{\"@type\":\"SearchAction\",\"target\":{\"@type\":\"EntryPoint\",\"urlTemplate\":\"https:\\\/\\\/www.aluminiumjclement.com\\\/?s={search_term_string}\"},\"query-input\":{\"@type\":\"PropertyValueSpecification\",\"valueRequired\":true,\"valueName\":\"search_term_string\"}}],\"inLanguage\":\"en-US\"}]}<\/script>\n<!-- \/ Yoast SEO plugin. -->","yoast_head_json":{"title":"Aluminum J. Cl\u00e9ment | Service, Sales, Installation | Mont-Tremblant","description":"Aluminum J. Cl\u00e9ment offers personalized advice, a showroom, custom design, appraisals and installation.","robots":{"index":"index","follow":"follow","max-snippet":"max-snippet:-1","max-image-preview":"max-image-preview:large","max-video-preview":"max-video-preview:-1"},"canonical":"https:\/\/www.aluminiumjclement.com\/en\/services\/","og_locale":"en_US","og_type":"article","og_title":"Aluminum J. Cl\u00e9ment | Service, Sales, Installation | Mont-Tremblant","og_description":"Aluminum J. Cl\u00e9ment offers personalized advice, a showroom, custom design, appraisals and installation.","og_url":"https:\/\/www.aluminiumjclement.com\/en\/services\/","og_site_name":"Aluminium J. Cl\u00e9ment","article_modified_time":"2016-05-06T18:58:54+00:00","twitter_card":"summary_large_image","schema":{"@context":"https:\/\/schema.org","@graph":[{"@type":"WebPage","@id":"https:\/\/www.aluminiumjclement.com\/en\/services\/","url":"https:\/\/www.aluminiumjclement.com\/en\/services\/","name":"Aluminum J. Cl\u00e9ment | Service, Sales, Installation | Mont-Tremblant","isPartOf":{"@id":"https:\/\/www.aluminiumjclement.com\/#website"},"datePublished":"2016-05-03T18:08:52+00:00","dateModified":"2016-05-06T18:58:54+00:00","description":"Aluminum J. Cl\u00e9ment offers personalized advice, a showroom, custom design, appraisals and installation.","breadcrumb":{"@id":"https:\/\/www.aluminiumjclement.com\/en\/services\/#breadcrumb"},"inLanguage":"en-US","potentialAction":[{"@type":"ReadAction","target":["https:\/\/www.aluminiumjclement.com\/en\/services\/"]}]},{"@type":"BreadcrumbList","@id":"https:\/\/www.aluminiumjclement.com\/en\/services\/#breadcrumb","itemListElement":[{"@type":"ListItem","position":1,"name":"Accueil","item":"https:\/\/www.aluminiumjclement.com\/en\/"},{"@type":"ListItem","position":2,"name":"Services"}]},{"@type":"WebSite","@id":"https:\/\/www.aluminiumjclement.com\/#website","url":"https:\/\/www.aluminiumjclement.com\/","name":"Aluminium J. Cl\u00e9ment","description":"Toitures - Rev\u00eatements ext\u00e9rieurs","potentialAction":[{"@type":"SearchAction","target":{"@type":"EntryPoint","urlTemplate":"https:\/\/www.aluminiumjclement.com\/?s={search_term_string}"},"query-input":{"@type":"PropertyValueSpecification","valueRequired":true,"valueName":"search_term_string"}}],"inLanguage":"en-US"}]}},"_links":{"self":[{"href":"https:\/\/www.aluminiumjclement.com\/en\/wp-json\/wp\/v2\/pages\/1720","targetHints":{"allow":["GET"]}}],"collection":[{"href":"https:\/\/www.aluminiumjclement.com\/en\/wp-json\/wp\/v2\/pages"}],"about":[{"href":"https:\/\/www.aluminiumjclement.com\/en\/wp-json\/wp\/v2\/types\/page"}],"author":[{"embeddable":true,"href":"https:\/\/www.aluminiumjclement.com\/en\/wp-json\/wp\/v2\/users\/3"}],"replies":[{"embeddable":true,"href":"https:\/\/www.aluminiumjclement.com\/en\/wp-json\/wp\/v2\/comments?post=1720"}],"version-history":[{"count":1,"href":"https:\/\/www.aluminiumjclement.com\/en\/wp-json\/wp\/v2\/pages\/1720\/revisions"}],"predecessor-version":[{"id":1723,"href":"https:\/\/www.aluminiumjclement.com\/en\/wp-json\/wp\/v2\/pages\/1720\/revisions\/1723"}],"wp:attachment":[{"href":"https:\/\/www.aluminiumjclement.com\/en\/wp-json\/wp\/v2\/media?parent=1720"}],"curies":[{"name":"wp","href":"https:\/\/api.w.org\/{rel}","templated":true}]}}