{"id":1759,"date":"2016-05-03T15:17:03","date_gmt":"2016-05-03T20:17:03","guid":{"rendered":"http:\/\/www.aluminiumjclement.com\/en\/rampes-et-balcons\/"},"modified":"2016-05-06T12:23:22","modified_gmt":"2016-05-06T17:23:22","slug":"railing-and-balconies","status":"publish","type":"page","link":"https:\/\/www.aluminiumjclement.com\/en\/products\/railing-and-balconies\/","title":{"rendered":"Railing and Balconies"},"content":{"rendered":"","protected":false},"excerpt":{"rendered":"","protected":false},"author":3,"featured_media":0,"parent":1819,"menu_order":-1900,"comment_status":"closed","ping_status":"closed","template":"","meta":{"footnotes":""},"class_list":["post-1759","page","type-page","status-publish","hentry"],"yoast_head":"<!-- This site is optimized with the Yoast SEO plugin v27.5 - https:\/\/yoast.com\/product\/yoast-seo-wordpress\/ -->\n<title>Aluminum J. Cl\u00e9ment | Railings and Balconies | Mont-Tremblant<\/title>\n<meta name=\"description\" content=\"Let our experts guide you through our selection of high-quality aluminum, glass and hybrid balconies and railings.\" \/>\n<meta name=\"robots\" content=\"index, follow, max-snippet:-1, max-image-preview:large, max-video-preview:-1\" \/>\n<link rel=\"canonical\" href=\"https:\/\/www.aluminiumjclement.com\/en\/products\/railing-and-balconies\/\" \/>\n<meta property=\"og:locale\" content=\"en_US\" \/>\n<meta property=\"og:type\" content=\"article\" \/>\n<meta property=\"og:title\" content=\"Aluminum J. Cl\u00e9ment | Railings and Balconies | Mont-Tremblant\" \/>\n<meta property=\"og:description\" content=\"Let our experts guide you through our selection of high-quality aluminum, glass and hybrid balconies and railings.\" \/>\n<meta property=\"og:url\" content=\"https:\/\/www.aluminiumjclement.com\/en\/products\/railing-and-balconies\/\" \/>\n<meta property=\"og:site_name\" content=\"Aluminium J. Cl\u00e9ment\" \/>\n<meta property=\"article:modified_time\" content=\"2016-05-06T17:23:22+00:00\" \/>\n<meta name=\"twitter:card\" content=\"summary_large_image\" \/>\n<script type=\"application\/ld+json\" class=\"yoast-schema-graph\">{\"@context\":\"https:\\\/\\\/schema.org\",\"@graph\":[{\"@type\":\"WebPage\",\"@id\":\"https:\\\/\\\/www.aluminiumjclement.com\\\/en\\\/products\\\/railing-and-balconies\\\/\",\"url\":\"https:\\\/\\\/www.aluminiumjclement.com\\\/en\\\/products\\\/railing-and-balconies\\\/\",\"name\":\"Aluminum J. Cl\u00e9ment | Railings and Balconies | Mont-Tremblant\",\"isPartOf\":{\"@id\":\"https:\\\/\\\/www.aluminiumjclement.com\\\/#website\"},\"datePublished\":\"2016-05-03T20:17:03+00:00\",\"dateModified\":\"2016-05-06T17:23:22+00:00\",\"description\":\"Let our experts guide you through our selection of high-quality aluminum, glass and hybrid balconies and railings.\",\"breadcrumb\":{\"@id\":\"https:\\\/\\\/www.aluminiumjclement.com\\\/en\\\/products\\\/railing-and-balconies\\\/#breadcrumb\"},\"inLanguage\":\"en-US\",\"potentialAction\":[{\"@type\":\"ReadAction\",\"target\":[\"https:\\\/\\\/www.aluminiumjclement.com\\\/en\\\/products\\\/railing-and-balconies\\\/\"]}]},{\"@type\":\"BreadcrumbList\",\"@id\":\"https:\\\/\\\/www.aluminiumjclement.com\\\/en\\\/products\\\/railing-and-balconies\\\/#breadcrumb\",\"itemListElement\":[{\"@type\":\"ListItem\",\"position\":1,\"name\":\"Accueil\",\"item\":\"https:\\\/\\\/www.aluminiumjclement.com\\\/en\\\/\"},{\"@type\":\"ListItem\",\"position\":2,\"name\":\"Products\",\"item\":\"https:\\\/\\\/www.aluminiumjclement.com\\\/en\\\/products\\\/\"},{\"@type\":\"ListItem\",\"position\":3,\"name\":\"Railing and Balconies\"}]},{\"@type\":\"WebSite\",\"@id\":\"https:\\\/\\\/www.aluminiumjclement.com\\\/#website\",\"url\":\"https:\\\/\\\/www.aluminiumjclement.com\\\/\",\"name\":\"Aluminium J. Cl\u00e9ment\",\"description\":\"Toitures - Rev\u00eatements ext\u00e9rieurs\",\"potentialAction\":[{\"@type\":\"SearchAction\",\"target\":{\"@type\":\"EntryPoint\",\"urlTemplate\":\"https:\\\/\\\/www.aluminiumjclement.com\\\/?s={search_term_string}\"},\"query-input\":{\"@type\":\"PropertyValueSpecification\",\"valueRequired\":true,\"valueName\":\"search_term_string\"}}],\"inLanguage\":\"en-US\"}]}<\/script>\n<!-- \/ Yoast SEO plugin. -->","yoast_head_json":{"title":"Aluminum J. Cl\u00e9ment | Railings and Balconies | Mont-Tremblant","description":"Let our experts guide you through our selection of high-quality aluminum, glass and hybrid balconies and railings.","robots":{"index":"index","follow":"follow","max-snippet":"max-snippet:-1","max-image-preview":"max-image-preview:large","max-video-preview":"max-video-preview:-1"},"canonical":"https:\/\/www.aluminiumjclement.com\/en\/products\/railing-and-balconies\/","og_locale":"en_US","og_type":"article","og_title":"Aluminum J. Cl\u00e9ment | Railings and Balconies | Mont-Tremblant","og_description":"Let our experts guide you through our selection of high-quality aluminum, glass and hybrid balconies and railings.","og_url":"https:\/\/www.aluminiumjclement.com\/en\/products\/railing-and-balconies\/","og_site_name":"Aluminium J. Cl\u00e9ment","article_modified_time":"2016-05-06T17:23:22+00:00","twitter_card":"summary_large_image","schema":{"@context":"https:\/\/schema.org","@graph":[{"@type":"WebPage","@id":"https:\/\/www.aluminiumjclement.com\/en\/products\/railing-and-balconies\/","url":"https:\/\/www.aluminiumjclement.com\/en\/products\/railing-and-balconies\/","name":"Aluminum J. Cl\u00e9ment | Railings and Balconies | Mont-Tremblant","isPartOf":{"@id":"https:\/\/www.aluminiumjclement.com\/#website"},"datePublished":"2016-05-03T20:17:03+00:00","dateModified":"2016-05-06T17:23:22+00:00","description":"Let our experts guide you through our selection of high-quality aluminum, glass and hybrid balconies and railings.","breadcrumb":{"@id":"https:\/\/www.aluminiumjclement.com\/en\/products\/railing-and-balconies\/#breadcrumb"},"inLanguage":"en-US","potentialAction":[{"@type":"ReadAction","target":["https:\/\/www.aluminiumjclement.com\/en\/products\/railing-and-balconies\/"]}]},{"@type":"BreadcrumbList","@id":"https:\/\/www.aluminiumjclement.com\/en\/products\/railing-and-balconies\/#breadcrumb","itemListElement":[{"@type":"ListItem","position":1,"name":"Accueil","item":"https:\/\/www.aluminiumjclement.com\/en\/"},{"@type":"ListItem","position":2,"name":"Products","item":"https:\/\/www.aluminiumjclement.com\/en\/products\/"},{"@type":"ListItem","position":3,"name":"Railing and Balconies"}]},{"@type":"WebSite","@id":"https:\/\/www.aluminiumjclement.com\/#website","url":"https:\/\/www.aluminiumjclement.com\/","name":"Aluminium J. Cl\u00e9ment","description":"Toitures - Rev\u00eatements ext\u00e9rieurs","potentialAction":[{"@type":"SearchAction","target":{"@type":"EntryPoint","urlTemplate":"https:\/\/www.aluminiumjclement.com\/?s={search_term_string}"},"query-input":{"@type":"PropertyValueSpecification","valueRequired":true,"valueName":"search_term_string"}}],"inLanguage":"en-US"}]}},"_links":{"self":[{"href":"https:\/\/www.aluminiumjclement.com\/en\/wp-json\/wp\/v2\/pages\/1759","targetHints":{"allow":["GET"]}}],"collection":[{"href":"https:\/\/www.aluminiumjclement.com\/en\/wp-json\/wp\/v2\/pages"}],"about":[{"href":"https:\/\/www.aluminiumjclement.com\/en\/wp-json\/wp\/v2\/types\/page"}],"author":[{"embeddable":true,"href":"https:\/\/www.aluminiumjclement.com\/en\/wp-json\/wp\/v2\/users\/3"}],"replies":[{"embeddable":true,"href":"https:\/\/www.aluminiumjclement.com\/en\/wp-json\/wp\/v2\/comments?post=1759"}],"version-history":[{"count":2,"href":"https:\/\/www.aluminiumjclement.com\/en\/wp-json\/wp\/v2\/pages\/1759\/revisions"}],"predecessor-version":[{"id":1767,"href":"https:\/\/www.aluminiumjclement.com\/en\/wp-json\/wp\/v2\/pages\/1759\/revisions\/1767"}],"up":[{"embeddable":true,"href":"https:\/\/www.aluminiumjclement.com\/en\/wp-json\/wp\/v2\/pages\/1819"}],"wp:attachment":[{"href":"https:\/\/www.aluminiumjclement.com\/en\/wp-json\/wp\/v2\/media?parent=1759"}],"curies":[{"name":"wp","href":"https:\/\/api.w.org\/{rel}","templated":true}]}}